{"id":1982,"date":"2021-12-16T10:59:12","date_gmt":"2021-12-16T07:59:12","guid":{"rendered":"https:\/\/premiumwine.ee\/toode\/charles-ranville-cremant-de-bourgogne\/"},"modified":"2021-12-16T10:59:12","modified_gmt":"2021-12-16T07:59:12","slug":"charles-ranville-cremant-de-bourgogne","status":"publish","type":"product","link":"https:\/\/premiumwine.ee\/en\/product\/charles-ranville-cremant-de-bourgogne\/","title":{"rendered":"Charles Ranville Cr\u00e9mant de Bourgogne 75cl"},"content":{"rendered":"<p><strong>Cr\u00e9mant de Bourgogne Ros\u00e9 Brut<\/strong><\/p>\n<p><strong>Appellation:<\/strong> AOC Cr\u00e9mant de Bourgogne<\/p>\n<p><strong>Grape varieties:<\/strong> Pinot Noir, Chardonnay and Gamay<\/p>\n<p><strong>Vineyards:<\/strong> 25 years old vines<\/p>\n<p><strong>Geographical location:<\/strong> Burgundy vineyard<\/p>\n<p><strong>Geology:<\/strong> Clay and limestone soil<\/p>\n<p><strong>Harvest:<\/strong> Manual<\/p>\n<p><strong>Vinification:<\/strong> Upon reception of harvests, Thanks to our pneumatic presses, we carry<br \/>\nout slow pressing. Only the first presses of our highest quality batches are selected<br \/>\nfor the final blend. We achieve a malolactic fermentation in stainless steel tanks.<\/p>\n<p><strong>Second fermentation and ageing:<\/strong> The second fermentation, which takes place<br \/>\ninside the bottle, is generated by the addition of yeasts and sugar. The wines are<br \/>\nthen aged on their lees between 12 and 15 months.<\/p>\n<p><strong>Tasting:<\/strong> The color is pale pink. The nose shows notes of red fruits and grenadine.<br \/>\nIn the mouth, we can find aromas of currants and gourmet candies.<\/p>\n<p><strong>Food &amp; Wine pairing:<\/strong> aperitif or desert.<\/p>\n<p><strong>Dosage:<\/strong> 12g\/L de sucre<\/p>\n<p><strong>Alcohol by volume:<\/strong> 12%<\/p>\n<p><strong>Pressure:<\/strong> 5.5 bars<\/p>\n<p><strong>Acidity:<\/strong> between 3.5 and 4.5 g\/l H2SO4<\/p>\n<p><strong>Capacity:<\/strong> 75cl<\/p>\n","protected":false},"excerpt":{"rendered":"<p>17,33 \u20ac\/ 1L<\/p>\n<p>The color is pale pink.<\/p>\n","protected":false},"featured_media":1809,"comment_status":"open","ping_status":"closed","template":"","meta":[],"product_brand":[],"product_cat":[115,120,117],"product_tag":[],"class_list":{"0":"post-1982","1":"product","2":"type-product","3":"status-publish","4":"has-post-thumbnail","6":"product_cat-cremant-en","7":"product_cat-sparkling-wine","8":"product_cat-wine","9":"pa_regioon-burgundy","10":"pa_riik-france","12":"first","13":"instock","14":"taxable","15":"shipping-taxable","16":"purchasable","17":"product-type-simple"},"_links":{"self":[{"href":"https:\/\/premiumwine.ee\/en\/wp-json\/wp\/v2\/product\/1982","targetHints":{"allow":["GET"]}}],"collection":[{"href":"https:\/\/premiumwine.ee\/en\/wp-json\/wp\/v2\/product"}],"about":[{"href":"https:\/\/premiumwine.ee\/en\/wp-json\/wp\/v2\/types\/product"}],"replies":[{"embeddable":true,"href":"https:\/\/premiumwine.ee\/en\/wp-json\/wp\/v2\/comments?post=1982"}],"wp:featuredmedia":[{"embeddable":true,"href":"https:\/\/premiumwine.ee\/en\/wp-json\/wp\/v2\/media\/1809"}],"wp:attachment":[{"href":"https:\/\/premiumwine.ee\/en\/wp-json\/wp\/v2\/media?parent=1982"}],"wp:term":[{"taxonomy":"product_brand","embeddable":true,"href":"https:\/\/premiumwine.ee\/en\/wp-json\/wp\/v2\/product_brand?post=1982"},{"taxonomy":"product_cat","embeddable":true,"href":"https:\/\/premiumwine.ee\/en\/wp-json\/wp\/v2\/product_cat?post=1982"},{"taxonomy":"product_tag","embeddable":true,"href":"https:\/\/premiumwine.ee\/en\/wp-json\/wp\/v2\/product_tag?post=1982"}],"curies":[{"name":"wp","href":"https:\/\/api.w.org\/{rel}","templated":true}]}}